{"id":1489,"date":"2022-02-24T19:15:25","date_gmt":"2022-02-24T17:15:25","guid":{"rendered":"https:\/\/www.kinojuhlat.fi\/kokkolan-kinojuhlat-2022\/"},"modified":"2026-04-01T13:40:43","modified_gmt":"2026-04-01T10:40:43","slug":"karleby-filmfest","status":"publish","type":"page","link":"https:\/\/www.kinojuhlat.fi\/sv\/","title":{"rendered":"Karleby filmfestival 2026"},"content":{"rendered":"\n<div class=\"slider-wrapper relative\" id=\"slider-871937423\" >\n    <div class=\"slider slider-nav-dots-simple slider-nav-simple slider-nav-large slider-nav-light slider-style-normal slider-show-nav\"\n        data-flickity-options='{\n            \"cellAlign\": \"center\",\n            \"imagesLoaded\": true,\n            \"lazyLoad\": 1,\n            \"freeScroll\": false,\n            \"wrapAround\": true,\n            \"autoPlay\": 6000,\n            \"pauseAutoPlayOnHover\" : true,\n            \"prevNextButtons\": false,\n            \"contain\" : true,\n            \"adaptiveHeight\" : true,\n            \"dragThreshold\" : 10,\n            \"percentPosition\": true,\n            \"pageDots\": false,\n            \"rightToLeft\": false,\n            \"draggable\": true,\n            \"selectedAttraction\": 0.1,\n            \"parallax\" : 2,\n            \"friction\": 0.6        }'\n        >\n        \n\n\n  <div class=\"banner has-hover has-slide-effect slide-zoom-in has-parallax\" id=\"banner-1158227342\">\n          <div class=\"banner-inner fill\">\n        <div class=\"banner-bg fill\" data-parallax=\"-1\" data-parallax-container=\".banner\" data-parallax-background>\n            <img loading=\"lazy\" decoding=\"async\" width=\"1439\" height=\"1800\" src=\"https:\/\/www.kinojuhlat.fi\/wp-content\/uploads\/2025\/05\/INSTAGRAM_Kinojuhlat_juliste_2025_insta-copy.jpg\" class=\"bg attachment-original size-original\" alt=\"\" \/>                        <div class=\"overlay\"><\/div>            \n                    <\/div>\n\t\t\n        <div class=\"banner-layers container\">\n            <div class=\"fill banner-link\"><\/div>            \n\n   <div id=\"text-box-692752630\" class=\"text-box banner-layer x90 md-x95 lg-x95 y85 md-y50 lg-y50 res-text\">\n                                <div class=\"text-box-content text dark\">\n              \n              <div class=\"text-inner text-left\">\n                  \n\n\t<div class=\"img has-hover x md-x lg-x y md-y lg-y\" id=\"image_1878480456\">\n\t\t\t\t\t\t\t\t<div class=\"img-inner dark\" >\n\t\t\t<img loading=\"lazy\" decoding=\"async\" width=\"1000\" height=\"798\" src=\"https:\/\/www.kinojuhlat.fi\/wp-content\/uploads\/2022\/03\/kinojuhlat_logo_valkoinen.png\" class=\"attachment-large size-large\" alt=\"\" srcset=\"https:\/\/www.kinojuhlat.fi\/wp-content\/uploads\/2022\/03\/kinojuhlat_logo_valkoinen.png 1000w, https:\/\/www.kinojuhlat.fi\/wp-content\/uploads\/2022\/03\/kinojuhlat_logo_valkoinen-600x479.png 600w, https:\/\/www.kinojuhlat.fi\/wp-content\/uploads\/2022\/03\/kinojuhlat_logo_valkoinen-300x239.png 300w, https:\/\/www.kinojuhlat.fi\/wp-content\/uploads\/2022\/03\/kinojuhlat_logo_valkoinen-768x613.png 768w\" sizes=\"auto, (max-width: 1000px) 100vw, 1000px\" \/>\t\t\t\t\t\t\n\t\t\t\t\t<\/div>\n\t\t\t\t\t\t\t\t\n<style>\n#image_1878480456 {\n  width: 100%;\n}\n<\/style>\n\t<\/div>\n\t\n\n<h3 style=\"text-align: left;\"> <\/h3>\n<h3 style=\"text-align: left;\">10.-13. september 2026<\/h3>\n\n              <\/div>\n           <\/div>\n                            \n<style>\n#text-box-692752630 {\n  width: 78%;\n}\n#text-box-692752630 .text-box-content {\n  font-size: 125%;\n}\n@media (min-width:550px) {\n  #text-box-692752630 {\n    width: 39%;\n  }\n  #text-box-692752630 .text-box-content {\n    font-size: 100%;\n  }\n}\n<\/style>\n    <\/div>\n \n\n        <\/div>\n      <\/div>\n\n            \n<style>\n#banner-1158227342 {\n  padding-top: 140%;\n}\n#banner-1158227342 .overlay {\n  background-color: rgba(0, 0, 0, 0.17);\n}\n#banner-1158227342 .banner-bg img {\n  object-position: % 60%;\n}\n@media (min-width:550px) {\n  #banner-1158227342 {\n    padding-top: 56.25%;\n  }\n}\n<\/style>\n  <\/div>\n\n\n\n     <\/div>\n\n     <div class=\"loading-spin dark large centered\"><\/div>\n\n\t<\/div>\n\n\n\n\n\t<section class=\"section\" id=\"section_975935348\">\n\t\t<div class=\"section-bg fill\" >\n\t\t\t\t\t\t\t\t\t\n\t\t\t\n\n\t\t<\/div>\n\n\t\t\n\n\t\t<div class=\"section-content relative\">\n\t\t\t\n\n<div class=\"row\"  id=\"row-1730935112\">\n\n\n\t<div id=\"col-1147576988\" class=\"col small-12 large-12\"  >\n\t\t\t\t<div class=\"col-inner\"  >\n\t\t\t\n\t\t\t\n\n<h3>Den \u00e5ttonde upplagan av Kinofest kommer att \u00e4ga rum den 10-13 februari. september 2026<\/h3>\n<p>F\u00f6rt\u00e4tat liv och bio i Karleby! Temaland \u00e4r Tyskland.<\/p>\n<p>Programmet kommer att publiceras i slutet av augusti.  <\/p>\n<p>Varmt v\u00e4lkommen till Karleby!<\/p>\n<p> <\/p>\n\n\t\t<\/div>\n\t\t\t\t\t<\/div>\n\n\t\n\n<\/div>\n\n\t\t<\/div>\n\n\t\t\n<style>\n#section_975935348 {\n  padding-top: 46px;\n  padding-bottom: 46px;\n}\n<\/style>\n\t<\/section>\n\t\n\n\t<section class=\"section dark has-mask mask-arrow\" id=\"section_1802569852\">\n\t\t<div class=\"section-bg fill\" >\n\t\t\t\t\t\t\t\t\t<div class=\"loading-spin centered\"><\/div>\n\t\t\t\n\t<div class=\"is-border\"\n\t\tstyle=\"border-color:rgb(235, 235, 235);border-width:1px 0px 0px 0px;\">\n\t<\/div>\n\n\t\t<\/div>\n\n\t\t\n\n\t\t<div class=\"section-content relative\">\n\t\t\t\n\n<div class=\"row row-full-width\"  id=\"row-767029949\">\n\n\n\t<div id=\"col-1804162049\" class=\"col small-12 large-12\"  >\n\t\t\t\t<div class=\"col-inner\"  >\n\t\t\t\n\t\t\t\n\n\t<div id=\"text-3293025532\" class=\"text\">\n\t\t\n\n<h3>Ajankohtaista<\/h3>\n\t\t\n<style>\n#text-3293025532 {\n  text-align: center;\n}\n<\/style>\n\t<\/div>\n\t\n\n  \n    <div class=\"row large-columns-4 medium-columns-3 small-columns-1 row-full-width has-shadow row-box-shadow-1\" >\n  <div class=\"col post-item\" data-animate=\"fadeInUp\">\n\t\t\t<div class=\"col-inner\">\n\t\t\t\t<div class=\"box box-normal box-text-bottom box-blog-post has-hover\">\n            \t\t\t\t\t<div class=\"box-image\" >\n  \t\t\t\t\t\t<div class=\"image-zoom-long image-zoom-fade image-cover\" style=\"padding-top:80%;\">\n\t\t\t\t\t\t\t<a href=\"https:\/\/www.kinojuhlat.fi\/sv\/2022\/09\/12\/over-4-000-besokare-pa-filmfesten\/\" class=\"plain\" aria-label=\"\u00d6ver 4 000 bes\u00f6kare p\u00e5 Filmfesten\">\n\t\t\t\t\t\t\t\t<img loading=\"lazy\" decoding=\"async\" width=\"1020\" height=\"816\" src=\"https:\/\/www.kinojuhlat.fi\/wp-content\/uploads\/2022\/09\/Kinojuhla-2022_Tero-Ahonen_1.jpg\" class=\"attachment-large size-large wp-post-image\" alt=\"\" srcset=\"https:\/\/www.kinojuhlat.fi\/wp-content\/uploads\/2022\/09\/Kinojuhla-2022_Tero-Ahonen_1.jpg 1200w, https:\/\/www.kinojuhlat.fi\/wp-content\/uploads\/2022\/09\/Kinojuhla-2022_Tero-Ahonen_1-750x600.jpg 750w, https:\/\/www.kinojuhlat.fi\/wp-content\/uploads\/2022\/09\/Kinojuhla-2022_Tero-Ahonen_1-768x614.jpg 768w, https:\/\/www.kinojuhlat.fi\/wp-content\/uploads\/2022\/09\/Kinojuhla-2022_Tero-Ahonen_1-600x480.jpg 600w\" sizes=\"auto, (max-width: 1020px) 100vw, 1020px\" \/>\t\t\t\t\t\t\t<\/a>\n  \t\t\t\t\t\t\t<div class=\"overlay\" style=\"background-color: rgba(0, 0, 0, 0)\"><\/div>  \t\t\t\t\t\t\t  \t\t\t\t\t\t<\/div>\n  \t\t\t\t\t\t  \t\t\t\t\t<\/div>\n          \t\t\t\t\t<div class=\"box-text text-left is-xsmall\" >\n\t\t\t\t\t<div class=\"box-text-inner blog-post-inner\">\n\n\t\t\t\t\t\n\t\t\t\t\t\t\t\t\t\t<h5 class=\"post-title is-large \">\n\t\t\t\t\t\t<a href=\"https:\/\/www.kinojuhlat.fi\/sv\/2022\/09\/12\/over-4-000-besokare-pa-filmfesten\/\" class=\"plain\">\u00d6ver 4 000 bes\u00f6kare p\u00e5 Filmfesten<\/a>\n\t\t\t\t\t<\/h5>\n\t\t\t\t\t\t\t\t\t\t<div class=\"is-divider\"><\/div>\n\t\t\t\t\t                    \n\t\t\t\t\t\n\t\t\t\t\t\n\t\t\t\t\t<\/div>\n\t\t\t\t\t<\/div>\n\t\t\t\t\t\t\t\t\t\t\t\t\t\t\t\t<div class=\"badge absolute top post-date badge-outline\">\n\t\t\t\t\t\t\t<div class=\"badge-inner\">\n\t\t\t\t\t\t\t\t<span class=\"post-date-day\">12<\/span><br>\n\t\t\t\t\t\t\t\t<span class=\"post-date-month is-xsmall\">sep<\/span>\n\t\t\t\t\t\t\t<\/div>\n\t\t\t\t\t\t<\/div>\n\t\t\t\t\t\t\t\t\t<\/div>\n\t\t\t<\/div>\n\t\t<\/div><\/div>\n\n<div class=\"row\"  id=\"row-1094889992\">\n\n\n\t<div id=\"col-806239414\" class=\"col small-12 large-12\"  >\n\t\t\t\t<div class=\"col-inner\"  >\n\t\t\t\n\t\t\t\n\n<a href=\"https:\/\/www.kinojuhlat.fi\/sv\/info-och-kontaktuppgifter\/#ajankohtaista\" class=\"button primary\" style=\"border-radius:99px;\">\n\t\t<span>Alla artiklar<\/span>\n\t<\/a>\n\n\n\n\t\t<\/div>\n\t\t\t\t\t<\/div>\n\n\t\n\n<\/div>\n\n\t\t<\/div>\n\t\t\t\t\t<\/div>\n\n\t\n\n<\/div>\n\n\t\t<\/div>\n\n\t\t\n<style>\n#section_1802569852 {\n  padding-top: 60px;\n  padding-bottom: 60px;\n  min-height: 300px;\n  background-color: #6e6e6e;\n}\n<\/style>\n\t<\/section>\n\t\n\n","protected":false},"excerpt":{"rendered":"","protected":false},"author":1,"featured_media":0,"parent":0,"menu_order":0,"comment_status":"closed","ping_status":"closed","template":"page-transparent-header-light.php","meta":{"footnotes":""},"class_list":["post-1489","page","type-page","status-publish","hentry"],"yoast_head":"<!-- This site is optimized with the Yoast SEO plugin v27.3 - https:\/\/yoast.com\/product\/yoast-seo-wordpress\/ -->\n<title>Karleby filmfestival 2026 - Kokkolan Kinojuhlat<\/title>\n<meta name=\"robots\" content=\"index, follow, max-snippet:-1, max-image-preview:large, max-video-preview:-1\" \/>\n<link rel=\"canonical\" href=\"https:\/\/www.kinojuhlat.fi\/sv\/\" \/>\n<meta property=\"og:locale\" content=\"sv_SE\" \/>\n<meta property=\"og:type\" content=\"article\" \/>\n<meta property=\"og:title\" content=\"Karleby filmfestival 2026 - Kokkolan Kinojuhlat\" \/>\n<meta property=\"og:url\" content=\"https:\/\/www.kinojuhlat.fi\/sv\/\" \/>\n<meta property=\"og:site_name\" content=\"Kokkolan Kinojuhlat\" \/>\n<meta property=\"article:publisher\" content=\"https:\/\/www.facebook.com\/kokkolankinojuhlat\" \/>\n<meta property=\"article:modified_time\" content=\"2026-04-01T10:40:43+00:00\" \/>\n<meta name=\"twitter:card\" content=\"summary_large_image\" \/>\n<meta name=\"twitter:label1\" content=\"Ber\u00e4knad l\u00e4stid\" \/>\n\t<meta name=\"twitter:data1\" content=\"1 minut\" \/>\n<script type=\"application\/ld+json\" class=\"yoast-schema-graph\">{\"@context\":\"https:\\\/\\\/schema.org\",\"@graph\":[{\"@type\":\"WebPage\",\"@id\":\"https:\\\/\\\/www.kinojuhlat.fi\\\/sv\\\/\",\"url\":\"https:\\\/\\\/www.kinojuhlat.fi\\\/sv\\\/\",\"name\":\"Karleby filmfestival 2026 - Kokkolan Kinojuhlat\",\"isPartOf\":{\"@id\":\"https:\\\/\\\/www.kinojuhlat.fi\\\/#website\"},\"datePublished\":\"2022-02-24T17:15:25+00:00\",\"dateModified\":\"2026-04-01T10:40:43+00:00\",\"breadcrumb\":{\"@id\":\"https:\\\/\\\/www.kinojuhlat.fi\\\/sv\\\/#breadcrumb\"},\"inLanguage\":\"sv-SE\",\"potentialAction\":[{\"@type\":\"ReadAction\",\"target\":[\"https:\\\/\\\/www.kinojuhlat.fi\\\/sv\\\/\"]}]},{\"@type\":\"BreadcrumbList\",\"@id\":\"https:\\\/\\\/www.kinojuhlat.fi\\\/sv\\\/#breadcrumb\",\"itemListElement\":[{\"@type\":\"ListItem\",\"position\":1,\"name\":\"Etusivu\",\"item\":\"https:\\\/\\\/www.kinojuhlat.fi\\\/sv\\\/\"},{\"@type\":\"ListItem\",\"position\":2,\"name\":\"Karleby filmfestival 2026\"}]},{\"@type\":\"WebSite\",\"@id\":\"https:\\\/\\\/www.kinojuhlat.fi\\\/#website\",\"url\":\"https:\\\/\\\/www.kinojuhlat.fi\\\/\",\"name\":\"Kokkolan Kinojuhlat\",\"description\":\"Kokkolan Kinojuhlat on pieni elokuvafestivaali, joka juhlii el&auml;m&auml;&auml; ja elokuvaa. Syksyisin Kokkolassa jo vuodesta 2018\",\"publisher\":{\"@id\":\"https:\\\/\\\/www.kinojuhlat.fi\\\/#organization\"},\"potentialAction\":[{\"@type\":\"SearchAction\",\"target\":{\"@type\":\"EntryPoint\",\"urlTemplate\":\"https:\\\/\\\/www.kinojuhlat.fi\\\/?s={search_term_string}\"},\"query-input\":{\"@type\":\"PropertyValueSpecification\",\"valueRequired\":true,\"valueName\":\"search_term_string\"}}],\"inLanguage\":\"sv-SE\"},{\"@type\":\"Organization\",\"@id\":\"https:\\\/\\\/www.kinojuhlat.fi\\\/#organization\",\"name\":\"Kokkolan Kinojuhlat\",\"url\":\"https:\\\/\\\/www.kinojuhlat.fi\\\/\",\"logo\":{\"@type\":\"ImageObject\",\"inLanguage\":\"sv-SE\",\"@id\":\"https:\\\/\\\/www.kinojuhlat.fi\\\/#\\\/schema\\\/logo\\\/image\\\/\",\"url\":\"https:\\\/\\\/www.kinojuhlat.fi\\\/wp-content\\\/uploads\\\/2022\\\/05\\\/cropped-Kinojuhlat_favicon.png\",\"contentUrl\":\"https:\\\/\\\/www.kinojuhlat.fi\\\/wp-content\\\/uploads\\\/2022\\\/05\\\/cropped-Kinojuhlat_favicon.png\",\"width\":512,\"height\":512,\"caption\":\"Kokkolan Kinojuhlat\"},\"image\":{\"@id\":\"https:\\\/\\\/www.kinojuhlat.fi\\\/#\\\/schema\\\/logo\\\/image\\\/\"},\"sameAs\":[\"https:\\\/\\\/www.facebook.com\\\/kokkolankinojuhlat\",\"https:\\\/\\\/www.instagram.com\\\/kinojuhlat\\\/\"]}]}<\/script>\n<!-- \/ Yoast SEO plugin. -->","yoast_head_json":{"title":"Karleby filmfestival 2026 - Kokkolan Kinojuhlat","robots":{"index":"index","follow":"follow","max-snippet":"max-snippet:-1","max-image-preview":"max-image-preview:large","max-video-preview":"max-video-preview:-1"},"canonical":"https:\/\/www.kinojuhlat.fi\/sv\/","og_locale":"sv_SE","og_type":"article","og_title":"Karleby filmfestival 2026 - Kokkolan Kinojuhlat","og_url":"https:\/\/www.kinojuhlat.fi\/sv\/","og_site_name":"Kokkolan Kinojuhlat","article_publisher":"https:\/\/www.facebook.com\/kokkolankinojuhlat","article_modified_time":"2026-04-01T10:40:43+00:00","twitter_card":"summary_large_image","twitter_misc":{"Ber\u00e4knad l\u00e4stid":"1 minut"},"schema":{"@context":"https:\/\/schema.org","@graph":[{"@type":"WebPage","@id":"https:\/\/www.kinojuhlat.fi\/sv\/","url":"https:\/\/www.kinojuhlat.fi\/sv\/","name":"Karleby filmfestival 2026 - Kokkolan Kinojuhlat","isPartOf":{"@id":"https:\/\/www.kinojuhlat.fi\/#website"},"datePublished":"2022-02-24T17:15:25+00:00","dateModified":"2026-04-01T10:40:43+00:00","breadcrumb":{"@id":"https:\/\/www.kinojuhlat.fi\/sv\/#breadcrumb"},"inLanguage":"sv-SE","potentialAction":[{"@type":"ReadAction","target":["https:\/\/www.kinojuhlat.fi\/sv\/"]}]},{"@type":"BreadcrumbList","@id":"https:\/\/www.kinojuhlat.fi\/sv\/#breadcrumb","itemListElement":[{"@type":"ListItem","position":1,"name":"Etusivu","item":"https:\/\/www.kinojuhlat.fi\/sv\/"},{"@type":"ListItem","position":2,"name":"Karleby filmfestival 2026"}]},{"@type":"WebSite","@id":"https:\/\/www.kinojuhlat.fi\/#website","url":"https:\/\/www.kinojuhlat.fi\/","name":"Kokkolan Kinojuhlat","description":"Kokkolan Kinojuhlat on pieni elokuvafestivaali, joka juhlii el&auml;m&auml;&auml; ja elokuvaa. Syksyisin Kokkolassa jo vuodesta 2018","publisher":{"@id":"https:\/\/www.kinojuhlat.fi\/#organization"},"potentialAction":[{"@type":"SearchAction","target":{"@type":"EntryPoint","urlTemplate":"https:\/\/www.kinojuhlat.fi\/?s={search_term_string}"},"query-input":{"@type":"PropertyValueSpecification","valueRequired":true,"valueName":"search_term_string"}}],"inLanguage":"sv-SE"},{"@type":"Organization","@id":"https:\/\/www.kinojuhlat.fi\/#organization","name":"Kokkolan Kinojuhlat","url":"https:\/\/www.kinojuhlat.fi\/","logo":{"@type":"ImageObject","inLanguage":"sv-SE","@id":"https:\/\/www.kinojuhlat.fi\/#\/schema\/logo\/image\/","url":"https:\/\/www.kinojuhlat.fi\/wp-content\/uploads\/2022\/05\/cropped-Kinojuhlat_favicon.png","contentUrl":"https:\/\/www.kinojuhlat.fi\/wp-content\/uploads\/2022\/05\/cropped-Kinojuhlat_favicon.png","width":512,"height":512,"caption":"Kokkolan Kinojuhlat"},"image":{"@id":"https:\/\/www.kinojuhlat.fi\/#\/schema\/logo\/image\/"},"sameAs":["https:\/\/www.facebook.com\/kokkolankinojuhlat","https:\/\/www.instagram.com\/kinojuhlat\/"]}]}},"_links":{"self":[{"href":"https:\/\/www.kinojuhlat.fi\/sv\/wp-json\/wp\/v2\/pages\/1489","targetHints":{"allow":["GET"]}}],"collection":[{"href":"https:\/\/www.kinojuhlat.fi\/sv\/wp-json\/wp\/v2\/pages"}],"about":[{"href":"https:\/\/www.kinojuhlat.fi\/sv\/wp-json\/wp\/v2\/types\/page"}],"author":[{"embeddable":true,"href":"https:\/\/www.kinojuhlat.fi\/sv\/wp-json\/wp\/v2\/users\/1"}],"replies":[{"embeddable":true,"href":"https:\/\/www.kinojuhlat.fi\/sv\/wp-json\/wp\/v2\/comments?post=1489"}],"version-history":[{"count":17,"href":"https:\/\/www.kinojuhlat.fi\/sv\/wp-json\/wp\/v2\/pages\/1489\/revisions"}],"predecessor-version":[{"id":4316,"href":"https:\/\/www.kinojuhlat.fi\/sv\/wp-json\/wp\/v2\/pages\/1489\/revisions\/4316"}],"wp:attachment":[{"href":"https:\/\/www.kinojuhlat.fi\/sv\/wp-json\/wp\/v2\/media?parent=1489"}],"curies":[{"name":"wp","href":"https:\/\/api.w.org\/{rel}","templated":true}]}}