{"id":1516,"date":"2022-02-24T19:15:25","date_gmt":"2022-02-24T17:15:25","guid":{"rendered":"https:\/\/www.kinojuhlat.fi\/kokkola-cinema-festival-2022\/"},"modified":"2026-01-16T19:16:17","modified_gmt":"2026-01-16T17:16:17","slug":"kokkola-film-fest","status":"publish","type":"page","link":"https:\/\/www.kinojuhlat.fi\/en\/","title":{"rendered":"Kokkola Film Fest"},"content":{"rendered":"\n<div class=\"slider-wrapper relative\" id=\"slider-286487995\" >\n    <div class=\"slider slider-nav-dots-simple slider-nav-simple slider-nav-large slider-nav-light slider-style-normal slider-show-nav\"\n        data-flickity-options='{\n            \"cellAlign\": \"center\",\n            \"imagesLoaded\": true,\n            \"lazyLoad\": 1,\n            \"freeScroll\": false,\n            \"wrapAround\": true,\n            \"autoPlay\": 6000,\n            \"pauseAutoPlayOnHover\" : true,\n            \"prevNextButtons\": false,\n            \"contain\" : true,\n            \"adaptiveHeight\" : true,\n            \"dragThreshold\" : 10,\n            \"percentPosition\": true,\n            \"pageDots\": false,\n            \"rightToLeft\": false,\n            \"draggable\": true,\n            \"selectedAttraction\": 0.1,\n            \"parallax\" : 2,\n            \"friction\": 0.6        }'\n        >\n        \n\n\n  <div class=\"banner has-hover has-slide-effect slide-zoom-in has-parallax\" id=\"banner-1267803520\">\n          <div class=\"banner-inner fill\">\n        <div class=\"banner-bg fill\" data-parallax=\"-1\" data-parallax-container=\".banner\" data-parallax-background>\n            <img loading=\"lazy\" decoding=\"async\" width=\"1439\" height=\"1800\" src=\"https:\/\/www.kinojuhlat.fi\/wp-content\/uploads\/2025\/05\/INSTAGRAM_Kinojuhlat_juliste_2025_insta-copy.jpg\" class=\"bg attachment-original size-original\" alt=\"\" \/>                        <div class=\"overlay\"><\/div>            \n                    <\/div>\n\t\t\n        <div class=\"banner-layers container\">\n            <div class=\"fill banner-link\"><\/div>            \n\n   <div id=\"text-box-1605041668\" class=\"text-box banner-layer x90 md-x95 lg-x95 y85 md-y50 lg-y50 res-text\">\n                                <div class=\"text-box-content text dark\">\n              \n              <div class=\"text-inner text-left\">\n                  \n\n\t<div class=\"img has-hover x md-x lg-x y md-y lg-y\" id=\"image_2013427379\">\n\t\t\t\t\t\t\t\t<div class=\"img-inner dark\" >\n\t\t\t<img loading=\"lazy\" decoding=\"async\" width=\"1000\" height=\"798\" src=\"https:\/\/www.kinojuhlat.fi\/wp-content\/uploads\/2022\/03\/kinojuhlat_logo_valkoinen.png\" class=\"attachment-large size-large\" alt=\"\" srcset=\"https:\/\/www.kinojuhlat.fi\/wp-content\/uploads\/2022\/03\/kinojuhlat_logo_valkoinen.png 1000w, https:\/\/www.kinojuhlat.fi\/wp-content\/uploads\/2022\/03\/kinojuhlat_logo_valkoinen-600x479.png 600w, https:\/\/www.kinojuhlat.fi\/wp-content\/uploads\/2022\/03\/kinojuhlat_logo_valkoinen-300x239.png 300w, https:\/\/www.kinojuhlat.fi\/wp-content\/uploads\/2022\/03\/kinojuhlat_logo_valkoinen-768x613.png 768w\" sizes=\"auto, (max-width: 1000px) 100vw, 1000px\" \/>\t\t\t\t\t\t\n\t\t\t\t\t<\/div>\n\t\t\t\t\t\t\t\t\n<style>\n#image_2013427379 {\n  width: 100%;\n}\n<\/style>\n\t<\/div>\n\t\n\n<h3 style=\"text-align: left;\">\u00a0<\/h3>\n<h3 style=\"text-align: left;\">11.\u201314. syyskuuta, 2025<\/h3>\n\n              <\/div>\n           <\/div>\n                            \n<style>\n#text-box-1605041668 {\n  width: 78%;\n}\n#text-box-1605041668 .text-box-content {\n  font-size: 125%;\n}\n@media (min-width:550px) {\n  #text-box-1605041668 {\n    width: 39%;\n  }\n  #text-box-1605041668 .text-box-content {\n    font-size: 100%;\n  }\n}\n<\/style>\n    <\/div>\n \n\n        <\/div>\n      <\/div>\n\n            \n<style>\n#banner-1267803520 {\n  padding-top: 140%;\n}\n#banner-1267803520 .overlay {\n  background-color: rgba(0, 0, 0, 0.17);\n}\n#banner-1267803520 .banner-bg img {\n  object-position: % 60%;\n}\n@media (min-width:550px) {\n  #banner-1267803520 {\n    padding-top: 56.25%;\n  }\n}\n<\/style>\n  <\/div>\n\n\n\n     <\/div>\n\n     <div class=\"loading-spin dark large centered\"><\/div>\n\n\t<\/div>\n\n\n\n\n\t<section class=\"section\" id=\"section_1694895009\">\n\t\t<div class=\"section-bg fill\" >\n\t\t\t\t\t\t\t\t\t\n\t\t\t\n\n\t\t<\/div>\n\n\t\t\n\n\t\t<div class=\"section-content relative\">\n\t\t\t\n\n<div class=\"row\"  id=\"row-1244189784\">\n\n\n\t<div id=\"col-433568353\" class=\"col small-12 large-12\"  >\n\t\t\t\t<div class=\"col-inner\"  >\n\t\t\t\n\t\t\t\n\n<h3>Kahdeksannet Kinojuhlat j\u00e4rjestet\u00e4\u00e4n 11.\u201314. syyskuuta 2025<\/h3>\n<p>Tiivistetty\u00e4 el\u00e4m\u00e4\u00e4 ja elokuvaa Kokkolassa seuraavan kerran ensi syksyn\u00e4. Teemamaana Iso-Britannia.<\/p>\n<p>Ohjelmisto julkistetaan elokuussa 2025. Lippuja voit ostaa elokuvateatteri\u00a0<a href=\"https:\/\/biorex.org\/\">Bio Rexin<\/a>\u00a0verkkosivuilla ja kassalla.<\/p>\n<p>Syd\u00e4mellisesti tervetuloa Kokkolaan!<\/p>\n<p>\u00a0<\/p>\n\n\t\t<\/div>\n\t\t\t\t\t<\/div>\n\n\t\n\n<\/div>\n\n\t\t<\/div>\n\n\t\t\n<style>\n#section_1694895009 {\n  padding-top: 46px;\n  padding-bottom: 46px;\n}\n<\/style>\n\t<\/section>\n\t\n\n\t<section class=\"section dark has-mask mask-arrow\" id=\"section_212111261\">\n\t\t<div class=\"section-bg fill\" >\n\t\t\t\t\t\t\t\t\t<div class=\"loading-spin centered\"><\/div>\n\t\t\t\n\t<div class=\"is-border\"\n\t\tstyle=\"border-color:rgb(235, 235, 235);border-width:1px 0px 0px 0px;\">\n\t<\/div>\n\n\t\t<\/div>\n\n\t\t\n\n\t\t<div class=\"section-content relative\">\n\t\t\t\n\n<div class=\"row row-full-width\"  id=\"row-164580009\">\n\n\n\t<div id=\"col-1536993783\" class=\"col small-12 large-12\"  >\n\t\t\t\t<div class=\"col-inner\"  >\n\t\t\t\n\t\t\t\n\n\t<div id=\"text-3881644971\" class=\"text\">\n\t\t\n\n<h3>Ajankohtaista<\/h3>\n\t\t\n<style>\n#text-3881644971 {\n  text-align: center;\n}\n<\/style>\n\t<\/div>\n\t\n\n  \n    <div class=\"row large-columns-4 medium-columns-3 small-columns-1 row-full-width has-shadow row-box-shadow-1\" >\n  <\/div>\n\n<div class=\"row\"  id=\"row-1616603473\">\n\n\n\t<div id=\"col-1125122069\" class=\"col small-12 large-12\"  >\n\t\t\t\t<div class=\"col-inner\"  >\n\t\t\t\n\t\t\t\n\n<a href=\"https:\/\/www.kinojuhlat.fi\/info-ja-yhteystiedot\/#ajankohtaista\" class=\"button primary\" style=\"border-radius:99px;\">\n\t\t<span>Kaikki artikkelit<\/span>\n\t<\/a>\n\n\n\n\t\t<\/div>\n\t\t\t\t\t<\/div>\n\n\t\n\n<\/div>\n\n\t\t<\/div>\n\t\t\t\t\t<\/div>\n\n\t\n\n<\/div>\n\n\t\t<\/div>\n\n\t\t\n<style>\n#section_212111261 {\n  padding-top: 60px;\n  padding-bottom: 60px;\n  min-height: 300px;\n  background-color: #6e6e6e;\n}\n<\/style>\n\t<\/section>\n\t\n\n","protected":false},"excerpt":{"rendered":"","protected":false},"author":1,"featured_media":0,"parent":0,"menu_order":0,"comment_status":"closed","ping_status":"closed","template":"page-transparent-header-light.php","meta":{"footnotes":""},"class_list":["post-1516","page","type-page","status-publish","hentry"],"yoast_head":"<!-- This site is optimized with the Yoast SEO plugin v27.3 - https:\/\/yoast.com\/product\/yoast-seo-wordpress\/ -->\n<title>Kokkola Film Fest - Kokkolan Kinojuhlat<\/title>\n<meta name=\"robots\" content=\"index, follow, max-snippet:-1, max-image-preview:large, max-video-preview:-1\" \/>\n<link rel=\"canonical\" href=\"https:\/\/www.kinojuhlat.fi\/en\/\" \/>\n<meta property=\"og:locale\" content=\"en_US\" \/>\n<meta property=\"og:type\" content=\"article\" \/>\n<meta property=\"og:title\" content=\"Kokkola Film Fest - Kokkolan Kinojuhlat\" \/>\n<meta property=\"og:url\" content=\"https:\/\/www.kinojuhlat.fi\/en\/\" \/>\n<meta property=\"og:site_name\" content=\"Kokkolan Kinojuhlat\" \/>\n<meta property=\"article:publisher\" content=\"https:\/\/www.facebook.com\/kokkolankinojuhlat\" \/>\n<meta property=\"article:modified_time\" content=\"2026-01-16T17:16:17+00:00\" \/>\n<meta name=\"twitter:card\" content=\"summary_large_image\" \/>\n<meta name=\"twitter:label1\" content=\"Est. reading time\" \/>\n\t<meta name=\"twitter:data1\" content=\"3 minutes\" \/>\n<script type=\"application\/ld+json\" class=\"yoast-schema-graph\">{\"@context\":\"https:\\\/\\\/schema.org\",\"@graph\":[{\"@type\":\"WebPage\",\"@id\":\"https:\\\/\\\/www.kinojuhlat.fi\\\/en\\\/\",\"url\":\"https:\\\/\\\/www.kinojuhlat.fi\\\/en\\\/\",\"name\":\"Kokkola Film Fest - Kokkolan Kinojuhlat\",\"isPartOf\":{\"@id\":\"https:\\\/\\\/www.kinojuhlat.fi\\\/#website\"},\"datePublished\":\"2022-02-24T17:15:25+00:00\",\"dateModified\":\"2026-01-16T17:16:17+00:00\",\"breadcrumb\":{\"@id\":\"https:\\\/\\\/www.kinojuhlat.fi\\\/en\\\/#breadcrumb\"},\"inLanguage\":\"en-US\",\"potentialAction\":[{\"@type\":\"ReadAction\",\"target\":[\"https:\\\/\\\/www.kinojuhlat.fi\\\/en\\\/\"]}]},{\"@type\":\"BreadcrumbList\",\"@id\":\"https:\\\/\\\/www.kinojuhlat.fi\\\/en\\\/#breadcrumb\",\"itemListElement\":[{\"@type\":\"ListItem\",\"position\":1,\"name\":\"Etusivu\",\"item\":\"https:\\\/\\\/www.kinojuhlat.fi\\\/en\\\/\"},{\"@type\":\"ListItem\",\"position\":2,\"name\":\"Kokkola Film Fest\"}]},{\"@type\":\"WebSite\",\"@id\":\"https:\\\/\\\/www.kinojuhlat.fi\\\/#website\",\"url\":\"https:\\\/\\\/www.kinojuhlat.fi\\\/\",\"name\":\"Kokkolan Kinojuhlat\",\"description\":\"Kokkolan Kinojuhlat on pieni elokuvafestivaali, joka juhlii el&auml;m&auml;&auml; ja elokuvaa. Syksyisin Kokkolassa jo vuodesta 2018\",\"publisher\":{\"@id\":\"https:\\\/\\\/www.kinojuhlat.fi\\\/#organization\"},\"potentialAction\":[{\"@type\":\"SearchAction\",\"target\":{\"@type\":\"EntryPoint\",\"urlTemplate\":\"https:\\\/\\\/www.kinojuhlat.fi\\\/?s={search_term_string}\"},\"query-input\":{\"@type\":\"PropertyValueSpecification\",\"valueRequired\":true,\"valueName\":\"search_term_string\"}}],\"inLanguage\":\"en-US\"},{\"@type\":\"Organization\",\"@id\":\"https:\\\/\\\/www.kinojuhlat.fi\\\/#organization\",\"name\":\"Kokkolan Kinojuhlat\",\"url\":\"https:\\\/\\\/www.kinojuhlat.fi\\\/\",\"logo\":{\"@type\":\"ImageObject\",\"inLanguage\":\"en-US\",\"@id\":\"https:\\\/\\\/www.kinojuhlat.fi\\\/#\\\/schema\\\/logo\\\/image\\\/\",\"url\":\"https:\\\/\\\/www.kinojuhlat.fi\\\/wp-content\\\/uploads\\\/2022\\\/05\\\/cropped-Kinojuhlat_favicon.png\",\"contentUrl\":\"https:\\\/\\\/www.kinojuhlat.fi\\\/wp-content\\\/uploads\\\/2022\\\/05\\\/cropped-Kinojuhlat_favicon.png\",\"width\":512,\"height\":512,\"caption\":\"Kokkolan Kinojuhlat\"},\"image\":{\"@id\":\"https:\\\/\\\/www.kinojuhlat.fi\\\/#\\\/schema\\\/logo\\\/image\\\/\"},\"sameAs\":[\"https:\\\/\\\/www.facebook.com\\\/kokkolankinojuhlat\",\"https:\\\/\\\/www.instagram.com\\\/kinojuhlat\\\/\"]}]}<\/script>\n<!-- \/ Yoast SEO plugin. -->","yoast_head_json":{"title":"Kokkola Film Fest - Kokkolan Kinojuhlat","robots":{"index":"index","follow":"follow","max-snippet":"max-snippet:-1","max-image-preview":"max-image-preview:large","max-video-preview":"max-video-preview:-1"},"canonical":"https:\/\/www.kinojuhlat.fi\/en\/","og_locale":"en_US","og_type":"article","og_title":"Kokkola Film Fest - Kokkolan Kinojuhlat","og_url":"https:\/\/www.kinojuhlat.fi\/en\/","og_site_name":"Kokkolan Kinojuhlat","article_publisher":"https:\/\/www.facebook.com\/kokkolankinojuhlat","article_modified_time":"2026-01-16T17:16:17+00:00","twitter_card":"summary_large_image","twitter_misc":{"Est. reading time":"3 minutes"},"schema":{"@context":"https:\/\/schema.org","@graph":[{"@type":"WebPage","@id":"https:\/\/www.kinojuhlat.fi\/en\/","url":"https:\/\/www.kinojuhlat.fi\/en\/","name":"Kokkola Film Fest - Kokkolan Kinojuhlat","isPartOf":{"@id":"https:\/\/www.kinojuhlat.fi\/#website"},"datePublished":"2022-02-24T17:15:25+00:00","dateModified":"2026-01-16T17:16:17+00:00","breadcrumb":{"@id":"https:\/\/www.kinojuhlat.fi\/en\/#breadcrumb"},"inLanguage":"en-US","potentialAction":[{"@type":"ReadAction","target":["https:\/\/www.kinojuhlat.fi\/en\/"]}]},{"@type":"BreadcrumbList","@id":"https:\/\/www.kinojuhlat.fi\/en\/#breadcrumb","itemListElement":[{"@type":"ListItem","position":1,"name":"Etusivu","item":"https:\/\/www.kinojuhlat.fi\/en\/"},{"@type":"ListItem","position":2,"name":"Kokkola Film Fest"}]},{"@type":"WebSite","@id":"https:\/\/www.kinojuhlat.fi\/#website","url":"https:\/\/www.kinojuhlat.fi\/","name":"Kokkolan Kinojuhlat","description":"Kokkolan Kinojuhlat on pieni elokuvafestivaali, joka juhlii el&auml;m&auml;&auml; ja elokuvaa. Syksyisin Kokkolassa jo vuodesta 2018","publisher":{"@id":"https:\/\/www.kinojuhlat.fi\/#organization"},"potentialAction":[{"@type":"SearchAction","target":{"@type":"EntryPoint","urlTemplate":"https:\/\/www.kinojuhlat.fi\/?s={search_term_string}"},"query-input":{"@type":"PropertyValueSpecification","valueRequired":true,"valueName":"search_term_string"}}],"inLanguage":"en-US"},{"@type":"Organization","@id":"https:\/\/www.kinojuhlat.fi\/#organization","name":"Kokkolan Kinojuhlat","url":"https:\/\/www.kinojuhlat.fi\/","logo":{"@type":"ImageObject","inLanguage":"en-US","@id":"https:\/\/www.kinojuhlat.fi\/#\/schema\/logo\/image\/","url":"https:\/\/www.kinojuhlat.fi\/wp-content\/uploads\/2022\/05\/cropped-Kinojuhlat_favicon.png","contentUrl":"https:\/\/www.kinojuhlat.fi\/wp-content\/uploads\/2022\/05\/cropped-Kinojuhlat_favicon.png","width":512,"height":512,"caption":"Kokkolan Kinojuhlat"},"image":{"@id":"https:\/\/www.kinojuhlat.fi\/#\/schema\/logo\/image\/"},"sameAs":["https:\/\/www.facebook.com\/kokkolankinojuhlat","https:\/\/www.instagram.com\/kinojuhlat\/"]}]}},"_links":{"self":[{"href":"https:\/\/www.kinojuhlat.fi\/en\/wp-json\/wp\/v2\/pages\/1516","targetHints":{"allow":["GET"]}}],"collection":[{"href":"https:\/\/www.kinojuhlat.fi\/en\/wp-json\/wp\/v2\/pages"}],"about":[{"href":"https:\/\/www.kinojuhlat.fi\/en\/wp-json\/wp\/v2\/types\/page"}],"author":[{"embeddable":true,"href":"https:\/\/www.kinojuhlat.fi\/en\/wp-json\/wp\/v2\/users\/1"}],"replies":[{"embeddable":true,"href":"https:\/\/www.kinojuhlat.fi\/en\/wp-json\/wp\/v2\/comments?post=1516"}],"version-history":[{"count":28,"href":"https:\/\/www.kinojuhlat.fi\/en\/wp-json\/wp\/v2\/pages\/1516\/revisions"}],"predecessor-version":[{"id":4189,"href":"https:\/\/www.kinojuhlat.fi\/en\/wp-json\/wp\/v2\/pages\/1516\/revisions\/4189"}],"wp:attachment":[{"href":"https:\/\/www.kinojuhlat.fi\/en\/wp-json\/wp\/v2\/media?parent=1516"}],"curies":[{"name":"wp","href":"https:\/\/api.w.org\/{rel}","templated":true}]}}